{"id":186,"date":"2022-03-29T20:25:40","date_gmt":"2022-03-29T20:25:40","guid":{"rendered":"https:\/\/sedigital.ugto.mx\/campusdigital\/?page_id=186"},"modified":"2024-08-05T19:10:31","modified_gmt":"2024-08-05T19:10:31","slug":"especializacion-en-habilidades-tic","status":"publish","type":"page","link":"https:\/\/sedigital.ugto.mx\/campusdigital\/especializacion-en-habilidades-tic\/","title":{"rendered":"Especializaci\u00f3n en Habilidades TIC"},"content":{"rendered":"\n<div class=\"wp-block-cover alignfull\" style=\"min-height:350px;aspect-ratio:unset;\"><span aria-hidden=\"true\" class=\"wp-block-cover__background has-background-dim-0 has-background-dim\"><\/span><img loading=\"lazy\" decoding=\"async\" width=\"2560\" height=\"753\" class=\"wp-block-cover__image-background wp-image-682\" alt=\"\" src=\"https:\/\/sedigital.ugto.mx\/campusdigital\/wp-content\/uploads\/sites\/2\/2022\/06\/Especializacio\u0301n-en-Habilidades-TIC-scaled.jpg\" data-object-fit=\"cover\" srcset=\"https:\/\/sedigital.ugto.mx\/campusdigital\/wp-content\/uploads\/sites\/2\/2022\/06\/Especializacio\u0301n-en-Habilidades-TIC-scaled.jpg 2560w, https:\/\/sedigital.ugto.mx\/campusdigital\/wp-content\/uploads\/sites\/2\/2022\/06\/Especializacio\u0301n-en-Habilidades-TIC-300x88.jpg 300w, https:\/\/sedigital.ugto.mx\/campusdigital\/wp-content\/uploads\/sites\/2\/2022\/06\/Especializacio\u0301n-en-Habilidades-TIC-1024x301.jpg 1024w, https:\/\/sedigital.ugto.mx\/campusdigital\/wp-content\/uploads\/sites\/2\/2022\/06\/Especializacio\u0301n-en-Habilidades-TIC-768x226.jpg 768w, https:\/\/sedigital.ugto.mx\/campusdigital\/wp-content\/uploads\/sites\/2\/2022\/06\/Especializacio\u0301n-en-Habilidades-TIC-1536x452.jpg 1536w, https:\/\/sedigital.ugto.mx\/campusdigital\/wp-content\/uploads\/sites\/2\/2022\/06\/Especializacio\u0301n-en-Habilidades-TIC-2048x603.jpg 2048w\" sizes=\"auto, (max-width: 2560px) 100vw, 2560px\" \/><div class=\"wp-block-cover__inner-container is-layout-flow wp-block-cover-is-layout-flow\">\n<p class=\"has-text-align-center has-base-3-color has-text-color wp-block-paragraph\" style=\"font-size:40px\"><strong>Especializaci\u00f3n en Habilidades TIC<\/strong><\/p>\n\n\n\n<div class=\"wp-block-buttons is-layout-flex wp-block-buttons-is-layout-flex\">\n<div class=\"wp-block-button has-custom-font-size aligncenter is-style-fill\" style=\"font-size:15px\"><a class=\"wp-block-button__link has-text-color has-background wp-element-button\" href=\"https:\/\/sedigital.ugto.mx\/campusdigital\/especializacion-en-habilidades-tic\/#intro\" style=\"color:#0f2a4c;background-color:#f0bc32\"><strong>CONOCE EL PROGRAMA<\/strong><\/a><\/div>\n<\/div>\n<\/div><\/div>\n\n\n\n<div class=\"wp-block-group\"><div class=\"wp-block-group__inner-container is-layout-flow wp-block-group-is-layout-flow\">\n<div id=\"ez-toc-container\" class=\"ez-toc-v2_0_82_2 counter-hierarchy ez-toc-counter ez-toc-transparent ez-toc-container-direction\">\n<div class=\"ez-toc-title-container\">\n<p class=\"ez-toc-title\" style=\"cursor:inherit\">Contenidos de la secci\u00f3n<\/p>\n<span class=\"ez-toc-title-toggle\"><a href=\"#\" class=\"ez-toc-pull-right ez-toc-btn ez-toc-btn-xs ez-toc-btn-default ez-toc-toggle\" aria-label=\"Toggle Table of Content\"><span class=\"ez-toc-js-icon-con\"><span class=\"\"><span class=\"eztoc-hide\" style=\"display:none;\">Toggle<\/span><span class=\"ez-toc-icon-toggle-span\"><svg style=\"fill: #999;color:#999\" xmlns=\"http:\/\/www.w3.org\/2000\/svg\" class=\"list-377408\" width=\"20px\" height=\"20px\" viewBox=\"0 0 24 24\" fill=\"none\"><path d=\"M6 6H4v2h2V6zm14 0H8v2h12V6zM4 11h2v2H4v-2zm16 0H8v2h12v-2zM4 16h2v2H4v-2zm16 0H8v2h12v-2z\" fill=\"currentColor\"><\/path><\/svg><svg style=\"fill: #999;color:#999\" class=\"arrow-unsorted-368013\" xmlns=\"http:\/\/www.w3.org\/2000\/svg\" width=\"10px\" height=\"10px\" viewBox=\"0 0 24 24\" version=\"1.2\" baseProfile=\"tiny\"><path d=\"M18.2 9.3l-6.2-6.3-6.2 6.3c-.2.2-.3.4-.3.7s.1.5.3.7c.2.2.4.3.7.3h11c.3 0 .5-.1.7-.3.2-.2.3-.5.3-.7s-.1-.5-.3-.7zM5.8 14.7l6.2 6.3 6.2-6.3c.2-.2.3-.5.3-.7s-.1-.5-.3-.7c-.2-.2-.4-.3-.7-.3h-11c-.3 0-.5.1-.7.3-.2.2-.3.5-.3.7s.1.5.3.7z\"\/><\/svg><\/span><\/span><\/span><\/a><\/span><\/div>\n<nav><ul class='ez-toc-list ez-toc-list-level-1 ' ><li class='ez-toc-page-1 ez-toc-heading-level-2'><a class=\"ez-toc-link ez-toc-heading-1\" href=\"https:\/\/sedigital.ugto.mx\/campusdigital\/especializacion-en-habilidades-tic\/#Introduccion\" >Introducci\u00f3n<\/a><\/li><li class='ez-toc-page-1 ez-toc-heading-level-2'><a class=\"ez-toc-link ez-toc-heading-2\" href=\"https:\/\/sedigital.ugto.mx\/campusdigital\/especializacion-en-habilidades-tic\/#%C2%BFPor_que_estudiar_el_programa_educativo\" >\u00bfPor qu\u00e9 estudiar el programa educativo?<\/a><ul class='ez-toc-list-level-3' ><li class='ez-toc-heading-level-3'><a class=\"ez-toc-link ez-toc-heading-3\" href=\"https:\/\/sedigital.ugto.mx\/campusdigital\/especializacion-en-habilidades-tic\/#Caracteristicas_del_programa_educativo\" >Caracter\u00edsticas del programa educativo<\/a><\/li><li class='ez-toc-page-1 ez-toc-heading-level-3'><a class=\"ez-toc-link ez-toc-heading-4\" href=\"https:\/\/sedigital.ugto.mx\/campusdigital\/especializacion-en-habilidades-tic\/#Esquema_de_certificacion\" >Esquema de certificaci\u00f3n<\/a><\/li><\/ul><\/li><li class='ez-toc-page-1 ez-toc-heading-level-2'><a class=\"ez-toc-link ez-toc-heading-5\" href=\"https:\/\/sedigital.ugto.mx\/campusdigital\/especializacion-en-habilidades-tic\/#Sistema_de_ensenanza_y_aprendizaje_con_tecnologias\" >Sistema de ense\u00f1anza y aprendizaje con tecnolog\u00edas<\/a><ul class='ez-toc-list-level-3' ><li class='ez-toc-heading-level-3'><a class=\"ez-toc-link ez-toc-heading-6\" href=\"https:\/\/sedigital.ugto.mx\/campusdigital\/especializacion-en-habilidades-tic\/#Ventajas_del_programa_educativo\" >Ventajas del programa educativo<\/a><\/li><\/ul><\/li><li class='ez-toc-page-1 ez-toc-heading-level-2'><a class=\"ez-toc-link ez-toc-heading-7\" href=\"https:\/\/sedigital.ugto.mx\/campusdigital\/especializacion-en-habilidades-tic\/#%C2%BFQue_aprenderas_en_el_programa_educativo\" >\u00bfQu\u00e9 aprender\u00e1s en el programa educativo?<\/a><\/li><li class='ez-toc-page-1 ez-toc-heading-level-2'><a class=\"ez-toc-link ez-toc-heading-8\" href=\"https:\/\/sedigital.ugto.mx\/campusdigital\/especializacion-en-habilidades-tic\/#Plan_de_estudios\" >Plan de estudios<\/a><\/li><li class='ez-toc-page-1 ez-toc-heading-level-2'><a class=\"ez-toc-link ez-toc-heading-9\" href=\"https:\/\/sedigital.ugto.mx\/campusdigital\/especializacion-en-habilidades-tic\/#Admision\" >Admisi\u00f3n<\/a><\/li><li class='ez-toc-page-1 ez-toc-heading-level-2'><a class=\"ez-toc-link ez-toc-heading-10\" href=\"https:\/\/sedigital.ugto.mx\/campusdigital\/especializacion-en-habilidades-tic\/#Campo_laboral\" >Campo laboral<\/a><\/li><li class='ez-toc-page-1 ez-toc-heading-level-2'><a class=\"ez-toc-link ez-toc-heading-11\" href=\"https:\/\/sedigital.ugto.mx\/campusdigital\/especializacion-en-habilidades-tic\/#Mayores_informes\" >Mayores informes<\/a><\/li><\/ul><\/nav><\/div>\n<h2 class=\"wp-block-heading has-text-align-center has-text-color\" id=\"intro\" style=\"color:#0f2a4c\"><span class=\"ez-toc-section\" id=\"Introduccion\"><\/span><strong>Introducci\u00f3n<\/strong><span class=\"ez-toc-section-end\"><\/span><\/h2>\n\n\n\n<p class=\"wp-block-paragraph\">La especializaci\u00f3n es un programa de educaci\u00f3n continua que permite a las y los profesionales actualizar sus conocimientos y competencias en un \u00e1rea espec\u00edfica del conocimiento. Al enfocarse en temas espec\u00edficos, estas iniciativas facilitan la adaptaci\u00f3n a las demandas cambiantes del entorno laboral y educativo.<\/p>\n\n\n\n<p class=\"wp-block-paragraph\">Estos programas est\u00e1n conformados por una serie de cursos de corta duraci\u00f3n que se centran en una tem\u00e1tica com\u00fan, con el fin de desarrollar las competencias espec\u00edficas necesarias en el \u00e1mbito de inter\u00e9s.<\/p>\n\n\n\n<p class=\"wp-block-paragraph\">En suma, la especializaci\u00f3n es una modalidad de formaci\u00f3n flexible y enfocada, dise\u00f1ada para adaptarse a las actividades cotidianas de cada profesional. Aunque no ofrece un grado acad\u00e9mico, este programa presenta una oportunidad para construir un perfil profesional a la medida.<\/p>\n\n\n\n<h2 class=\"wp-block-heading has-text-align-center has-text-color\" style=\"color:#0f2a4c\"><span class=\"ez-toc-section\" id=\"%C2%BFPor_que_estudiar_el_programa_educativo\"><\/span><strong>\u00bfPor qu\u00e9 estudiar el programa educativo?<\/strong><span class=\"ez-toc-section-end\"><\/span><\/h2>\n\n\n\n<p class=\"wp-block-paragraph\">El programa de la Especializaci\u00f3n en Habilidades TIC potencia tus habilidades en el uso de la tecnolog\u00eda que se incorpora de manera vertiginosa a nuestra vida cotidiana. De este modo, al egresar de este programa podr\u00e1s:<\/p>\n\n\n\n<ul class=\"wp-block-list\">\n<li>Utilizar de forma eficiente las tecnolog\u00edas de la informaci\u00f3n y la comunicaci\u00f3n para las actividades acad\u00e9micas, laborales y de la vida en general.<\/li>\n\n\n\n<li>Comprender y desarrollar las habilidades TIC para responder a las demandas y necesidades de tu entorno en relaci\u00f3n con la sociedad actual.<\/li>\n<\/ul>\n\n\n\n<div class=\"wp-block-columns is-layout-flex wp-container-core-columns-is-layout-8f761849 wp-block-columns-is-layout-flex\">\n<div class=\"wp-block-column is-layout-flow wp-block-column-is-layout-flow\">\n<h3 class=\"wp-block-heading has-text-align-center has-text-color has-medium-font-size\" style=\"color:#028cf0\"><span class=\"ez-toc-section\" id=\"Caracteristicas_del_programa_educativo\"><\/span><strong>Caracter\u00edsticas del programa educativo<\/strong><span class=\"ez-toc-section-end\"><\/span><\/h3>\n\n\n\n<ul class=\"wp-block-list\">\n<li><strong><strong><strong>Disponibilidad<\/strong>:<\/strong><\/strong> Todo el a\u00f1o a trav\u00e9s del Cat\u00e1logo Institucional de Experiencias de Aprendizaje (CIDEAP)<\/li>\n\n\n\n<li><strong><strong>Duraci\u00f3n<\/strong>:<\/strong> 40 horas aproximadamente (sujeto a cada participante)<\/li>\n\n\n\n<li><strong>Modalidad educativa<\/strong>: A distancia virtual autogestiva<\/li>\n\n\n\n<li><strong>Costo:<\/strong> $2,000.00 pesos mexicanos en una sola exhibici\u00f3n (Beca para estudiantes, profesores, administrativos y egresados UG)<\/li>\n\n\n\n<li><strong>\u00c1reas del conocimiento<\/strong>: Tecnolog\u00edas de la Informaci\u00f3n y la Comunicaci\u00f3n<\/li>\n<\/ul>\n<\/div>\n\n\n\n<div class=\"wp-block-column is-layout-flow wp-block-column-is-layout-flow\">\n<h3 class=\"wp-block-heading has-text-align-center has-text-color has-medium-font-size\" style=\"color:#028cf0\"><span class=\"ez-toc-section\" id=\"Esquema_de_certificacion\"><\/span><strong>Esquema de certificaci\u00f3n<\/strong><span class=\"ez-toc-section-end\"><\/span><\/h3>\n\n\n\n<ul style=\"font-size:15px\" class=\"wp-block-list\">\n<li>Habiendo cubierto los cr\u00e9ditos del programa, se deber\u00e1 sustentar un examen de competencias suficientes; una vez aprobado, se emitir\u00e1 un certificado digital.<\/li>\n<\/ul>\n<\/div>\n<\/div>\n\n\n\n<h2 class=\"wp-block-heading has-text-align-center has-text-color\" style=\"color:#0f2a4c\"><span class=\"ez-toc-section\" id=\"Sistema_de_ensenanza_y_aprendizaje_con_tecnologias\"><\/span><strong>Sistema de ense\u00f1anza y aprendizaje con tecnolog\u00edas<\/strong><span class=\"ez-toc-section-end\"><\/span><\/h2>\n\n\n\n<p class=\"wp-block-paragraph\">Desde el Campus Digital encontrar\u00e1s lo necesario para desarrollar tus actividades de aprendizaje, en este espacio tendr\u00e1s acceso a las diversas herramientas de trabajo. A trav\u00e9s de esta plataforma podr\u00e1s acceder a tus clases y entregar tus tareas. Adem\u00e1s, desde sus aulas digitales acceder\u00e1s a los materiales did\u00e1cticos y al Repositorio de Objetos de Aprendizaje.<\/p>\n\n\n\n<p class=\"wp-block-paragraph\">A continuaci\u00f3n, se describe brevemente el ambiente digital de aprendizaje en el que participar\u00e1s en este programa:<\/p>\n\n\n\n<p class=\"has-text-color has-medium-font-size wp-block-paragraph\" style=\"color:#028cf0\"><strong>1. La plataforma del Campus Digital<\/strong><\/p>\n\n\n\n<p class=\"wp-block-paragraph\">Es el n\u00facleo central de las actividades formativas del Campus Digital, en este espacio digital se lleva el registro general de tu trayecto formativo, se encuentra compuesto por las aulas digitales, desde las que podr\u00e1s:<\/p>\n\n\n\n<ul class=\"wp-block-list\">\n<li>Acceder a clases.<\/li>\n\n\n\n<li>Exponer dudas e inquietudes a tus tutores, quienes responder\u00e1n a tus consultas a trav\u00e9s de la mensajer\u00eda interna o los foros de discusi\u00f3n que as\u00ed lo establezcan.<\/li>\n\n\n\n<li>Acceder a las clases en diferido.&nbsp;<\/li>\n<\/ul>\n\n\n\n<p class=\"wp-block-paragraph\">En las aulas digitales tambi\u00e9n puedes acceder a:<\/p>\n\n\n\n<ul class=\"wp-block-list\">\n<li>Las clases digitales y los recursos did\u00e1cticos de los cursos, que han sido dise\u00f1ados de acuerdo a los m\u00e1s altos est\u00e1ndares de la educaci\u00f3n a distancia en l\u00ednea.<\/li>\n\n\n\n<li>Gesti\u00f3n de las actividades de aprendizaje: env\u00edo y consulta de las calificaciones de las consignas (tareas) que forman parte de la evaluaci\u00f3n continua y progresiva.<\/li>\n<\/ul>\n\n\n\n<p class=\"has-text-color has-medium-font-size wp-block-paragraph\" style=\"color:#028cf0\"><strong>2. Recursos de informaci\u00f3n y conocimiento<\/strong><\/p>\n\n\n\n<p class=\"wp-block-paragraph\">Son diferentes espacios educativos que te ayudar\u00e1n a mantenerte al d\u00eda:<\/p>\n\n\n\n<ul class=\"wp-block-list\">\n<li>El Repositorio de Objetos de Aprendizaje (ROA). Es una plataforma institucional que alberga los recursos did\u00e1cticos digitales elaborados por la comunidad universitaria, especialmente aquellos que surgen del contexto de la pr\u00e1ctica docente, o bien, a trav\u00e9s de labores de investigaci\u00f3n.<\/li>\n\n\n\n<li>La Biblioteca Digital. Desde este espacio podr\u00e1s acceder a revistas, bases de datos, libros y otros documentos digitales que te servir\u00e1n de apoyo en tu trayecto formativo.<\/li>\n<\/ul>\n\n\n\n<h3 class=\"wp-block-heading has-text-align-center has-text-color\" style=\"color:#f0bc32\"><span class=\"ez-toc-section\" id=\"Ventajas_del_programa_educativo\"><\/span><strong>Ventajas del programa educativo<\/strong><span class=\"ez-toc-section-end\"><\/span><\/h3>\n\n\n\n<p class=\"wp-block-paragraph\">Las y los egresados de este programa formativo obtendr\u00e1n los siguientes beneficios para su desempe\u00f1o en el campo laboral:<\/p>\n\n\n\n<ul class=\"wp-block-list\">\n<li>Podr\u00e1n desenvolverse en organizaciones que implementen soluciones en relaci\u00f3n con las habilidades TIC.<\/li>\n\n\n\n<li>Ser\u00e1n capaces de incorporarse a compa\u00f1\u00edas donde utilicen de forma eficiente las tecnolog\u00edas de la informaci\u00f3n y la comunicaci\u00f3n en los \u00e1mbitos acad\u00e9micos y laborales desde el contexto local, nacional e internacional.<\/li>\n<\/ul>\n\n\n\n<h2 class=\"wp-block-heading has-text-align-center has-text-color\" style=\"color:#0f2a4c\"><span class=\"ez-toc-section\" id=\"%C2%BFQue_aprenderas_en_el_programa_educativo\"><\/span><strong>\u00bfQu\u00e9 aprender\u00e1s en el programa educativo?<\/strong><span class=\"ez-toc-section-end\"><\/span><\/h2>\n\n\n\n<p class=\"wp-block-paragraph\">El programa de Especializaci\u00f3n en Habilidades TIC est\u00e1 dise\u00f1ado para satisfacer las necesidades de profesores, estudiantes, trabajadores y profesionistas con distintas formaciones y que est\u00e1n interesados en mejorar sus habilidades relacionadas con el uso de las TIC, as\u00ed como valorar sus posibilidades de aplicaci\u00f3n en el campo laboral. De este modo, los egresados obtendr\u00e1n dominio sobre los siguientes temas:<\/p>\n\n\n\n<ul class=\"wp-block-list\">\n<li>Conocimientos fundamentales sobre computaci\u00f3n y aplicaciones en l\u00ednea.<\/li>\n\n\n\n<li>Habilidades en procesadores de datos, hojas de c\u00e1lculo y presentaciones.&nbsp;<\/li>\n\n\n\n<li>Cuestiones b\u00e1sicas de seguridad inform\u00e1tica, HTML y TIC para la educaci\u00f3n.<\/li>\n<\/ul>\n\n\n\n<h2 class=\"wp-block-heading has-text-align-center has-text-color\" style=\"color:#0f2a4c\"><span class=\"ez-toc-section\" id=\"Plan_de_estudios\"><\/span><strong>Plan de estudios<\/strong><span class=\"ez-toc-section-end\"><\/span><\/h2>\n\n\n\n<p class=\"wp-block-paragraph\">El plan de estudios de la Especializaci\u00f3n en Habilidades TIC es el siguiente:<\/p>\n\n\n\n<figure class=\"wp-block-table is-style-stripes\"><table><thead><tr><th class=\"has-text-align-center\" data-align=\"center\">Inscripci\u00f3n<\/th><th class=\"has-text-align-center\" data-align=\"center\">Nombre del curso<\/th><th class=\"has-text-align-center\" data-align=\"center\"><strong>Acceso abierto para comunidad UG<\/strong><\/th><\/tr><\/thead><tbody><tr><td class=\"has-text-align-center\" data-align=\"center\">1<\/td><td class=\"has-text-align-center\" data-align=\"center\"><a href=\"https:\/\/oa.ugto.mx\/oa\/curso_conocimientos_fundamentales_computacion\/oa-rg-0003198\/#\/\" target=\"_blank\" rel=\"noreferrer noopener\">Conocimientos fundamentales de computaci\u00f3n<\/a><\/td><td class=\"has-text-align-center\" data-align=\"center\"><a href=\"https:\/\/campusdigital.ugto.mx\/course\/view.php?id=8298\" target=\"_blank\" rel=\"noreferrer noopener\">Participar<\/a><\/td><\/tr><tr><td class=\"has-text-align-center\" data-align=\"center\">1<\/td><td class=\"has-text-align-center\" data-align=\"center\"><a href=\"https:\/\/oa.ugto.mx\/oa\/curso_conocimientos_fundamentales_de_aplicaciones\/oa-rg-0003171\/#\/\" target=\"_blank\" rel=\"noreferrer noopener\">Conocimientos fundamentales de aplicaciones en l\u00ednea<\/a><\/td><td class=\"has-text-align-center\" data-align=\"center\"><a href=\"https:\/\/campusdigital.ugto.mx\/course\/view.php?id=8299\" target=\"_blank\" rel=\"noreferrer noopener\">Participar<\/a><\/td><\/tr><tr><td class=\"has-text-align-center\" data-align=\"center\">1<\/td><td class=\"has-text-align-center\" data-align=\"center\"><a href=\"https:\/\/oa.ugto.mx\/oa\/curso_procesador_de_textos\/oa-rg-0003221\/#\/\" target=\"_blank\" rel=\"noreferrer noopener\">Procesador de textos<\/a><\/td><td class=\"has-text-align-center\" data-align=\"center\"><a href=\"https:\/\/campusdigital.ugto.mx\/course\/view.php?id=10599\" target=\"_blank\" rel=\"noreferrer noopener\">Participar<\/a><\/td><\/tr><tr><td class=\"has-text-align-center\" data-align=\"center\">1<\/td><td class=\"has-text-align-center\" data-align=\"center\"><a href=\"https:\/\/oa.ugto.mx\/oa\/curso_hoja_de_calculo\/oa-rg-0003228\/#\/\" target=\"_blank\" rel=\"noreferrer noopener\">Hoja de c\u00e1lculo<\/a><\/td><td class=\"has-text-align-center\" data-align=\"center\"><a href=\"https:\/\/campusdigital.ugto.mx\/course\/view.php?id=10603\" target=\"_blank\" rel=\"noreferrer noopener\">Participar<\/a><\/td><\/tr><tr><td class=\"has-text-align-center\" data-align=\"center\">2<\/td><td class=\"has-text-align-center\" data-align=\"center\"><a href=\"https:\/\/oa.ugto.mx\/oa\/curso_presentaciones\/oa-rg-0003981\/#\/\" target=\"_blank\" rel=\"noreferrer noopener\">Presentaciones<\/a><\/td><td class=\"has-text-align-center\" data-align=\"center\"><a href=\"https:\/\/campusdigital.ugto.mx\/course\/view.php?id=10608\" target=\"_blank\" rel=\"noreferrer noopener\">Participar<\/a><\/td><\/tr><tr><td class=\"has-text-align-center\" data-align=\"center\">2<\/td><td class=\"has-text-align-center\" data-align=\"center\"><a href=\"https:\/\/oa.ugto.mx\/oa\/curso_herramientas_de_colaboracion_en_linea\/oa-rg-0004145\/#\/\" target=\"_blank\" rel=\"noreferrer noopener\">Herramientas de colaboraci\u00f3n en l\u00ednea<\/a><\/td><td class=\"has-text-align-center\" data-align=\"center\"><a href=\"https:\/\/campusdigital.ugto.mx\/course\/view.php?id=3234\" target=\"_blank\" rel=\"noreferrer noopener\">Participar<\/a><\/td><\/tr><tr><td class=\"has-text-align-center\" data-align=\"center\">2<\/td><td class=\"has-text-align-center\" data-align=\"center\"><a href=\"https:\/\/oa.ugto.mx\/oa\/curso_seguridad_informatica\/oa-rg-0004154\/#\/\" target=\"_blank\" rel=\"noreferrer noopener\">Seguridad inform\u00e1tica<\/a><\/td><td class=\"has-text-align-center\" data-align=\"center\"><a href=\"https:\/\/campusdigital.ugto.mx\/course\/view.php?id=10612\" target=\"_blank\" rel=\"noreferrer noopener\">Participar<\/a><\/td><\/tr><tr><td class=\"has-text-align-center\" data-align=\"center\">2<\/td><td class=\"has-text-align-center\" data-align=\"center\"><a href=\"https:\/\/oa.ugto.mx\/oa\/curso_tic_para_la_educacion\/oa-rg-0004168\/#\/\" target=\"_blank\" rel=\"noreferrer noopener\">TIC para la educaci\u00f3n<\/a><\/td><td class=\"has-text-align-center\" data-align=\"center\"><a href=\"https:\/\/campusdigital.ugto.mx\/course\/view.php?id=3094\" target=\"_blank\" rel=\"noreferrer noopener\">Participar<\/a><\/td><\/tr><tr><td class=\"has-text-align-center\" data-align=\"center\">&#8211;<\/td><td class=\"has-text-align-center\" data-align=\"center\">Curso optativo<\/td><td class=\"has-text-align-center\" data-align=\"center\">&#8211;<\/td><\/tr><\/tbody><\/table><\/figure>\n\n\n\n<div style=\"height:10px\" aria-hidden=\"true\" class=\"wp-block-spacer\"><\/div>\n\n\n\n<h2 class=\"wp-block-heading has-text-align-center has-text-color\" style=\"color:#0f2a4c\"><span class=\"ez-toc-section\" id=\"Admision\"><\/span><strong>Admisi\u00f3n<\/strong><span class=\"ez-toc-section-end\"><\/span><\/h2>\n\n\n\n<p class=\"wp-block-paragraph\">Para poder acceder al programa es requisito imprescindible contar con:<\/p>\n\n\n\n<ul class=\"wp-block-list\">\n<li>Pago \u00fanico del arancel para participar en el programa de especializaci\u00f3n correspondiente.<\/li>\n<\/ul>\n\n\n\n<h2 class=\"wp-block-heading has-text-align-center has-text-color\" style=\"color:#0f2a4c\"><span class=\"ez-toc-section\" id=\"Campo_laboral\"><\/span><strong>Campo laboral<\/strong><span class=\"ez-toc-section-end\"><\/span><\/h2>\n\n\n\n<p class=\"wp-block-paragraph\">Las y los egresados de la Especializaci\u00f3n en Habilidades TIC podr\u00e1n incorporarse a las&nbsp;nuevas oportunidades de empleo, generadas a partir de la globalizaci\u00f3n, caracterizadas por la innovaci\u00f3n tecnol\u00f3gica, la multidisciplinariedad y la flexibilidad. De este modo, este programa formativo brinda habilidades para:<\/p>\n\n\n\n<ul class=\"wp-block-list\">\n<li>Integrarte en peque\u00f1as y medianas empresas que requieren del uso de las TIC.<\/li>\n\n\n\n<li>Desempe\u00f1arte como apoyo en las gestiones y procesos que impliquen el uso b\u00e1sico de las TIC.<\/li>\n\n\n\n<li>Realizar operaciones y servicios b\u00e1sicos que incluyan el uso y manejo b\u00e1sico de las TIC en una organizaci\u00f3n.<\/li>\n<\/ul>\n\n\n\n<h2 class=\"wp-block-heading has-text-align-center has-text-color\" style=\"color:#0f2a4c\"><span class=\"ez-toc-section\" id=\"Mayores_informes\"><\/span><strong>Mayores informes<\/strong><span class=\"ez-toc-section-end\"><\/span><\/h2>\n\n\n<p><script type=\"text\/javascript\" src=\"https:\/\/form.jotform.com\/jsform\/220894792296875\"><\/script><\/p>\n<\/div><\/div>\n","protected":false},"excerpt":{"rendered":"<p>Introducci\u00f3n La especializaci\u00f3n es un programa de educaci\u00f3n continua que permite a las y los profesionales actualizar sus conocimientos y competencias en un \u00e1rea espec\u00edfica del conocimiento. Al enfocarse en temas espec\u00edficos, estas iniciativas facilitan la adaptaci\u00f3n a las demandas cambiantes del entorno laboral y educativo. Estos programas est\u00e1n conformados por una serie de cursos &#8230; <a title=\"Especializaci\u00f3n en Habilidades TIC\" class=\"read-more\" href=\"https:\/\/sedigital.ugto.mx\/campusdigital\/especializacion-en-habilidades-tic\/\" aria-label=\"Leer m\u00e1s sobre Especializaci\u00f3n en Habilidades TIC\">Leer m\u00e1s<\/a><\/p>\n","protected":false},"author":2,"featured_media":0,"parent":0,"menu_order":0,"comment_status":"closed","ping_status":"closed","template":"","meta":{"_crdt_document":"","footnotes":""},"class_list":["post-186","page","type-page","status-publish"],"_links":{"self":[{"href":"https:\/\/sedigital.ugto.mx\/campusdigital\/wp-json\/wp\/v2\/pages\/186","targetHints":{"allow":["GET"]}}],"collection":[{"href":"https:\/\/sedigital.ugto.mx\/campusdigital\/wp-json\/wp\/v2\/pages"}],"about":[{"href":"https:\/\/sedigital.ugto.mx\/campusdigital\/wp-json\/wp\/v2\/types\/page"}],"author":[{"embeddable":true,"href":"https:\/\/sedigital.ugto.mx\/campusdigital\/wp-json\/wp\/v2\/users\/2"}],"replies":[{"embeddable":true,"href":"https:\/\/sedigital.ugto.mx\/campusdigital\/wp-json\/wp\/v2\/comments?post=186"}],"version-history":[{"count":37,"href":"https:\/\/sedigital.ugto.mx\/campusdigital\/wp-json\/wp\/v2\/pages\/186\/revisions"}],"predecessor-version":[{"id":997,"href":"https:\/\/sedigital.ugto.mx\/campusdigital\/wp-json\/wp\/v2\/pages\/186\/revisions\/997"}],"wp:attachment":[{"href":"https:\/\/sedigital.ugto.mx\/campusdigital\/wp-json\/wp\/v2\/media?parent=186"}],"curies":[{"name":"wp","href":"https:\/\/api.w.org\/{rel}","templated":true}]}}