{"id":858,"date":"2022-08-19T21:43:00","date_gmt":"2022-08-19T21:43:00","guid":{"rendered":"https:\/\/sedigital.ugto.mx\/campusdigital\/?page_id=858"},"modified":"2024-01-30T18:34:43","modified_gmt":"2024-01-30T18:34:43","slug":"diplomado-en-desarrollo-humano-educacion-para-la-vida-a-partir-de-la-formacion-integral","status":"publish","type":"page","link":"https:\/\/sedigital.ugto.mx\/campusdigital\/diplomado-en-desarrollo-humano-educacion-para-la-vida-a-partir-de-la-formacion-integral\/","title":{"rendered":"Diplomado en Desarrollo humano: educaci\u00f3n para la vida a partir de la formaci\u00f3n integral"},"content":{"rendered":"\n<div class=\"wp-block-cover alignfull\" style=\"min-height:350px;aspect-ratio:unset;\"><span aria-hidden=\"true\" class=\"wp-block-cover__background has-background-dim-0 has-background-dim\"><\/span><img loading=\"lazy\" decoding=\"async\" width=\"2560\" height=\"753\" class=\"wp-block-cover__image-background wp-image-859\" alt=\"\" src=\"https:\/\/sedigital.ugto.mx\/campusdigital\/wp-content\/uploads\/sites\/2\/2022\/08\/Diplomado-Desarrollo-humano-scaled.jpg\" data-object-fit=\"cover\" srcset=\"https:\/\/sedigital.ugto.mx\/campusdigital\/wp-content\/uploads\/sites\/2\/2022\/08\/Diplomado-Desarrollo-humano-scaled.jpg 2560w, https:\/\/sedigital.ugto.mx\/campusdigital\/wp-content\/uploads\/sites\/2\/2022\/08\/Diplomado-Desarrollo-humano-300x88.jpg 300w, https:\/\/sedigital.ugto.mx\/campusdigital\/wp-content\/uploads\/sites\/2\/2022\/08\/Diplomado-Desarrollo-humano-1024x301.jpg 1024w, https:\/\/sedigital.ugto.mx\/campusdigital\/wp-content\/uploads\/sites\/2\/2022\/08\/Diplomado-Desarrollo-humano-768x226.jpg 768w, https:\/\/sedigital.ugto.mx\/campusdigital\/wp-content\/uploads\/sites\/2\/2022\/08\/Diplomado-Desarrollo-humano-1536x452.jpg 1536w, https:\/\/sedigital.ugto.mx\/campusdigital\/wp-content\/uploads\/sites\/2\/2022\/08\/Diplomado-Desarrollo-humano-2048x603.jpg 2048w\" sizes=\"auto, (max-width: 2560px) 100vw, 2560px\" \/><div class=\"wp-block-cover__inner-container is-layout-flow wp-block-cover-is-layout-flow\">\n<p class=\"has-text-align-center has-base-3-color has-text-color wp-block-paragraph\" style=\"font-size:40px\">Diplomado Desarrollo humano: <br>educaci\u00f3n para la vida a partir<br> de la formaci\u00f3n integral<\/p>\n\n\n\n<div class=\"wp-block-buttons is-layout-flex wp-block-buttons-is-layout-flex\">\n<div class=\"wp-block-button has-custom-font-size aligncenter is-style-fill\" style=\"font-size:15px\"><a class=\"wp-block-button__link has-text-color has-background wp-element-button\" href=\"https:\/\/sedigital.ugto.mx\/campusdigital\/diplomado-en-desarrollo-humano-educacion-para-la-vida-a-partir-de-la-formacion-integral\/#Introduccion\" style=\"color:#0f2a4c;background-color:#f0bc32\"><strong>CONOCE EL PROGRAMA<\/strong><\/a><\/div>\n<\/div>\n<\/div><\/div>\n\n\n\n<div class=\"wp-block-group\"><div class=\"wp-block-group__inner-container is-layout-flow wp-block-group-is-layout-flow\">\n<div id=\"ez-toc-container\" class=\"ez-toc-v2_0_82_2 counter-hierarchy ez-toc-counter ez-toc-transparent ez-toc-container-direction\">\n<div class=\"ez-toc-title-container\">\n<p class=\"ez-toc-title\" style=\"cursor:inherit\">Contenidos de la secci\u00f3n<\/p>\n<span class=\"ez-toc-title-toggle\"><a href=\"#\" class=\"ez-toc-pull-right ez-toc-btn ez-toc-btn-xs ez-toc-btn-default ez-toc-toggle\" aria-label=\"Toggle Table of Content\"><span class=\"ez-toc-js-icon-con\"><span class=\"\"><span class=\"eztoc-hide\" style=\"display:none;\">Toggle<\/span><span class=\"ez-toc-icon-toggle-span\"><svg style=\"fill: #999;color:#999\" xmlns=\"http:\/\/www.w3.org\/2000\/svg\" class=\"list-377408\" width=\"20px\" height=\"20px\" viewBox=\"0 0 24 24\" fill=\"none\"><path d=\"M6 6H4v2h2V6zm14 0H8v2h12V6zM4 11h2v2H4v-2zm16 0H8v2h12v-2zM4 16h2v2H4v-2zm16 0H8v2h12v-2z\" fill=\"currentColor\"><\/path><\/svg><svg style=\"fill: #999;color:#999\" class=\"arrow-unsorted-368013\" xmlns=\"http:\/\/www.w3.org\/2000\/svg\" width=\"10px\" height=\"10px\" viewBox=\"0 0 24 24\" version=\"1.2\" baseProfile=\"tiny\"><path d=\"M18.2 9.3l-6.2-6.3-6.2 6.3c-.2.2-.3.4-.3.7s.1.5.3.7c.2.2.4.3.7.3h11c.3 0 .5-.1.7-.3.2-.2.3-.5.3-.7s-.1-.5-.3-.7zM5.8 14.7l6.2 6.3 6.2-6.3c.2-.2.3-.5.3-.7s-.1-.5-.3-.7c-.2-.2-.4-.3-.7-.3h-11c-.3 0-.5.1-.7.3-.2.2-.3.5-.3.7s.1.5.3.7z\"\/><\/svg><\/span><\/span><\/span><\/a><\/span><\/div>\n<nav><ul class='ez-toc-list ez-toc-list-level-1 ' ><li class='ez-toc-page-1 ez-toc-heading-level-2'><a class=\"ez-toc-link ez-toc-heading-1\" href=\"https:\/\/sedigital.ugto.mx\/campusdigital\/diplomado-en-desarrollo-humano-educacion-para-la-vida-a-partir-de-la-formacion-integral\/#Introduccion\" >Introducci\u00f3n<\/a><\/li><li class='ez-toc-page-1 ez-toc-heading-level-2'><a class=\"ez-toc-link ez-toc-heading-2\" href=\"https:\/\/sedigital.ugto.mx\/campusdigital\/diplomado-en-desarrollo-humano-educacion-para-la-vida-a-partir-de-la-formacion-integral\/#%C2%BFPor_que_estudiar_el_programa_educativo\" >\u00bfPor qu\u00e9 estudiar el programa educativo?<\/a><ul class='ez-toc-list-level-3' ><li class='ez-toc-heading-level-3'><a class=\"ez-toc-link ez-toc-heading-3\" href=\"https:\/\/sedigital.ugto.mx\/campusdigital\/diplomado-en-desarrollo-humano-educacion-para-la-vida-a-partir-de-la-formacion-integral\/#Caracteristicas_del_programa_educativo\" >Caracter\u00edsticas del programa educativo<\/a><\/li><li class='ez-toc-page-1 ez-toc-heading-level-3'><a class=\"ez-toc-link ez-toc-heading-4\" href=\"https:\/\/sedigital.ugto.mx\/campusdigital\/diplomado-en-desarrollo-humano-educacion-para-la-vida-a-partir-de-la-formacion-integral\/#Esquema_de_egreso\" >Esquema de egreso<\/a><\/li><\/ul><\/li><li class='ez-toc-page-1 ez-toc-heading-level-2'><a class=\"ez-toc-link ez-toc-heading-5\" href=\"https:\/\/sedigital.ugto.mx\/campusdigital\/diplomado-en-desarrollo-humano-educacion-para-la-vida-a-partir-de-la-formacion-integral\/#Sistema_de_ensenanza_y_aprendizaje_con_tecnologias\" >Sistema de ense\u00f1anza y aprendizaje con tecnolog\u00edas<\/a><ul class='ez-toc-list-level-3' ><li class='ez-toc-heading-level-3'><a class=\"ez-toc-link ez-toc-heading-6\" href=\"https:\/\/sedigital.ugto.mx\/campusdigital\/diplomado-en-desarrollo-humano-educacion-para-la-vida-a-partir-de-la-formacion-integral\/#%C2%BFQue_contenidos_didacticos_se_ofreceran\" >\u00bfQu\u00e9 contenidos did\u00e1cticos se ofrecer\u00e1n?<\/a><\/li><li class='ez-toc-page-1 ez-toc-heading-level-3'><a class=\"ez-toc-link ez-toc-heading-7\" href=\"https:\/\/sedigital.ugto.mx\/campusdigital\/diplomado-en-desarrollo-humano-educacion-para-la-vida-a-partir-de-la-formacion-integral\/#%C2%BFCual_es_la_estructura_metodologica_para_la_implementacion_de_la_experiencia_de_aprendizaje\" >\u00bfCu\u00e1l es la estructura metodol\u00f3gica para la implementaci\u00f3n de la experiencia de aprendizaje?<\/a><\/li><\/ul><\/li><li class='ez-toc-page-1 ez-toc-heading-level-2'><a class=\"ez-toc-link ez-toc-heading-8\" href=\"https:\/\/sedigital.ugto.mx\/campusdigital\/diplomado-en-desarrollo-humano-educacion-para-la-vida-a-partir-de-la-formacion-integral\/#%C2%BFQue_aprenderas_en_el_programa_educativo\" >\u00bfQu\u00e9 aprender\u00e1s en el programa educativo?<\/a><\/li><li class='ez-toc-page-1 ez-toc-heading-level-2'><a class=\"ez-toc-link ez-toc-heading-9\" href=\"https:\/\/sedigital.ugto.mx\/campusdigital\/diplomado-en-desarrollo-humano-educacion-para-la-vida-a-partir-de-la-formacion-integral\/#Plan_de_estudios\" >Plan de estudios<\/a><\/li><li class='ez-toc-page-1 ez-toc-heading-level-2'><a class=\"ez-toc-link ez-toc-heading-10\" href=\"https:\/\/sedigital.ugto.mx\/campusdigital\/diplomado-en-desarrollo-humano-educacion-para-la-vida-a-partir-de-la-formacion-integral\/#Admision\" >Admisi\u00f3n<\/a><\/li><li class='ez-toc-page-1 ez-toc-heading-level-2'><a class=\"ez-toc-link ez-toc-heading-11\" href=\"https:\/\/sedigital.ugto.mx\/campusdigital\/diplomado-en-desarrollo-humano-educacion-para-la-vida-a-partir-de-la-formacion-integral\/#Reconocimiento_oficial\" >Reconocimiento oficial<\/a><\/li><li class='ez-toc-page-1 ez-toc-heading-level-2'><a class=\"ez-toc-link ez-toc-heading-12\" href=\"https:\/\/sedigital.ugto.mx\/campusdigital\/diplomado-en-desarrollo-humano-educacion-para-la-vida-a-partir-de-la-formacion-integral\/#Mayores_informes\" >Mayores informes<\/a><\/li><\/ul><\/nav><\/div>\n<h2 class=\"wp-block-heading has-text-align-center has-text-color\" id=\"intro\" style=\"color:#0f2a4c\"><span class=\"ez-toc-section\" id=\"Introduccion\"><\/span><strong>Introducci\u00f3n<\/strong><span class=\"ez-toc-section-end\"><\/span><\/h2>\n\n\n\n<p class=\"wp-block-paragraph\">El Diplomado en <em>Desarrollo Humano: Educaci\u00f3n para la vida a partir de la formaci\u00f3n integral <\/em>es un programa que ofrece formaci\u00f3n para que las personas planifiquen su proyecto de vida y su trayectoria educativa a partir de los elementos de desarrollo humano, salud, interculturalidad, responsabilidad social y tecnolog\u00eda que contribuyen a su consolidaci\u00f3n como agentes de cambio en su contexto social.<\/p>\n\n\n\n<h2 class=\"wp-block-heading has-text-align-center has-text-color\" style=\"color:#0f2a4c\"><span class=\"ez-toc-section\" id=\"%C2%BFPor_que_estudiar_el_programa_educativo\"><\/span><strong>\u00bfPor qu\u00e9 estudiar el programa educativo?<\/strong><span class=\"ez-toc-section-end\"><\/span><\/h2>\n\n\n\n<p class=\"wp-block-paragraph\">Con el Diplomado <em>Desarrollo Humano: Educaci\u00f3n para la vida a partir de la formaci\u00f3n<\/em> podr\u00e1s:<\/p>\n\n\n\n<ul class=\"wp-block-list\">\n<li>Conocer los procesos de introspecci\u00f3n en los que se visualiza el trabajo y potencial de las dimensiones del ser humano.<\/li>\n\n\n\n<li>Ahondar en la esencia emocional, social y f\u00edsica de la persona, promoviendo estilos de vida saludables y responsables<\/li>\n\n\n\n<li>Comprender el rol que tiene el estudiante en el contexto universitario y social en el cual se desenvuelve.<\/li>\n<\/ul>\n\n\n\n<div class=\"wp-block-columns is-layout-flex wp-container-core-columns-is-layout-8f761849 wp-block-columns-is-layout-flex\">\n<div class=\"wp-block-column is-layout-flow wp-block-column-is-layout-flow\">\n<h3 class=\"wp-block-heading has-text-align-center has-text-color has-medium-font-size\" style=\"color:#028cf0\"><span class=\"ez-toc-section\" id=\"Caracteristicas_del_programa_educativo\"><\/span><strong>Caracter\u00edsticas del programa educativo<\/strong><span class=\"ez-toc-section-end\"><\/span><\/h3>\n\n\n\n<ul class=\"wp-block-list\">\n<li><strong>Inicio<\/strong>: marzo 2024<\/li>\n\n\n\n<li><strong>Cr\u00e9ditos<\/strong>: Se podr\u00e1n alcanzar hasta 4 cr\u00e9ditos<\/li>\n\n\n\n<li><strong>Modalidad educativa<\/strong>: A distancia en l\u00ednea, a trav\u00e9s de plataformas institucionales<\/li>\n\n\n\n<li><strong>Periodicidad de admisi\u00f3n:<\/strong> Semestral (atendiendo a las fechas que defina el Departamento de Desarrollo a la Trayectoria del Estudiante)<\/li>\n\n\n\n<li><strong>\u00c1reas del conocimiento<\/strong>: Ciencias Sociales y Humanidades<\/li>\n<\/ul>\n<\/div>\n\n\n\n<div class=\"wp-block-column is-layout-flow wp-block-column-is-layout-flow\">\n<h3 class=\"wp-block-heading has-text-align-center has-text-color has-medium-font-size\" style=\"color:#028cf0\"><span class=\"ez-toc-section\" id=\"Esquema_de_egreso\"><\/span><strong>Esquema de egreso<\/strong><span class=\"ez-toc-section-end\"><\/span><\/h3>\n\n\n\n<ul class=\"wp-block-list\">\n<li>Al finalizar y acreditar la totalidad de los m\u00f3dulos se emitir\u00e1 un diploma.<\/li>\n<\/ul>\n<\/div>\n<\/div>\n\n\n\n<h2 class=\"wp-block-heading has-text-align-center has-text-color\" style=\"color:#0f2a4c\"><span class=\"ez-toc-section\" id=\"Sistema_de_ensenanza_y_aprendizaje_con_tecnologias\"><\/span><strong>Sistema de ense\u00f1anza y aprendizaje con tecnolog\u00edas<\/strong><span class=\"ez-toc-section-end\"><\/span><\/h2>\n\n\n\n<p class=\"wp-block-paragraph\">Desde el Campus Digital encontrar\u00e1s lo necesario para desarrollar tus actividades de aprendizaje, en este espacio tendr\u00e1s acceso a las diversas herramientas de trabajo. A trav\u00e9s de esta plataforma podr\u00e1s acceder a tus clases y entregar tus tareas. Adem\u00e1s, desde sus aulas digitales acceder\u00e1s a los materiales did\u00e1cticos y al Repositorio de Objetos de Aprendizaje.<\/p>\n\n\n\n<p class=\"wp-block-paragraph\">A continuaci\u00f3n, se describe brevemente el ambiente digital de aprendizaje en el que participar\u00e1s en este programa:<\/p>\n\n\n\n<p class=\"has-text-color has-medium-font-size wp-block-paragraph\" style=\"color:#028cf0\"><strong>1. La plataforma del Campus Digital<\/strong><\/p>\n\n\n\n<p class=\"wp-block-paragraph\">Es el n\u00facleo central de las actividades formativas del Campus Digital, en este espacio digital se lleva el registro general de tu trayecto formativo, se encuentra compuesto por las aulas digitales, desde las que podr\u00e1s:<\/p>\n\n\n\n<ul class=\"wp-block-list\">\n<li>Acceder a clases.<\/li>\n\n\n\n<li>Exponer dudas e inquietudes a tus tutores, quienes responder\u00e1n a tus consultas a trav\u00e9s de la mensajer\u00eda interna o los foros de discusi\u00f3n que as\u00ed lo establezcan.<\/li>\n\n\n\n<li>Acceder a las clases en diferido.&nbsp;<\/li>\n<\/ul>\n\n\n\n<p class=\"wp-block-paragraph\">En las aulas digitales tambi\u00e9n puedes acceder a:<\/p>\n\n\n\n<ul class=\"wp-block-list\">\n<li>Las clases digitales y los recursos did\u00e1cticos de los cursos, que han sido dise\u00f1ados de acuerdo a los m\u00e1s altos est\u00e1ndares de la educaci\u00f3n a distancia en l\u00ednea.<\/li>\n\n\n\n<li>Gesti\u00f3n de las actividades de aprendizaje: env\u00edo y consulta de las calificaciones de las consignas (tareas) que forman parte de la evaluaci\u00f3n continua y progresiva.<\/li>\n<\/ul>\n\n\n\n<p class=\"has-text-color has-medium-font-size wp-block-paragraph\" style=\"color:#028cf0\"><strong>2. Recursos de informaci\u00f3n y conocimiento<\/strong><\/p>\n\n\n\n<p class=\"wp-block-paragraph\">Son diferentes espacios educativos que te ayudar\u00e1n a mantenerte al d\u00eda:<\/p>\n\n\n\n<ul class=\"wp-block-list\">\n<li>El Repositorio de Objetos de Aprendizaje (ROA). Es una plataforma institucional que alberga los recursos did\u00e1cticos digitales elaborados por la comunidad universitaria, especialmente aquellos que surgen del contexto de la pr\u00e1ctica docente, o bien, a trav\u00e9s de labores de investigaci\u00f3n.<\/li>\n<\/ul>\n\n\n\n<h3 class=\"wp-block-heading has-text-align-center has-text-color\" style=\"color:#f0bc32\"><span class=\"ez-toc-section\" id=\"%C2%BFQue_contenidos_didacticos_se_ofreceran\"><\/span><strong>\u00bfQu\u00e9 contenidos did\u00e1cticos se ofrecer\u00e1n?<\/strong><span class=\"ez-toc-section-end\"><\/span><\/h3>\n\n\n\n<p class=\"wp-block-paragraph\">En este programa contar\u00e1s con una diversidad de materiales did\u00e1cticos dise\u00f1ados para atender tus necesidades educativas. Estos materiales se distinguen por su calidad, variedad y suficiencia, siendo una de las fortalezas del programa. Entre los materiales se encuentran:<\/p>\n\n\n\n<ul class=\"wp-block-list\">\n<li>Gu\u00eda did\u00e1ctica<\/li>\n\n\n\n<li>Clases digitales interactivas<\/li>\n\n\n\n<li>Documentos con lecturas y s\u00edntesis de diversos t\u00f3picos y autores de actualidad<\/li>\n\n\n\n<li>Acceso al Repositorio de Objetos de Aprendizaje<\/li>\n<\/ul>\n\n\n\n<h3 class=\"wp-block-heading has-text-align-center has-text-color\" style=\"color:#f0bc32\"><span class=\"ez-toc-section\" id=\"%C2%BFCual_es_la_estructura_metodologica_para_la_implementacion_de_la_experiencia_de_aprendizaje\"><\/span><strong>\u00bfCu\u00e1l es la estructura metodol\u00f3gica para la implementaci\u00f3n de la experiencia de aprendizaje?<\/strong><span class=\"ez-toc-section-end\"><\/span><\/h3>\n\n\n\n<p class=\"wp-block-paragraph\">Entre las estrategias m\u00e1s sobresalientes se distinguen:<\/p>\n\n\n\n<ul class=\"wp-block-list\">\n<li>Clases no presenciales con duraci\u00f3n semanal. Cada semana una nueva clase estar\u00e1 disponible para su estudio.<\/li>\n\n\n\n<li>Experiencias educativas que promueven el autoaprendizaje. Los materiales han sido dise\u00f1ados para que puedas consultarlos de manera aut\u00f3noma y en el momento que as\u00ed lo dispongas.<\/li>\n\n\n\n<li>Profesores reconocidos en su \u00e1mbito disciplinar. Las y los docentes del programa educativo son profesionales de prestigio en los \u00e1mbitos acad\u00e9mico y laboral.<\/li>\n\n\n\n<li>Te acompa\u00f1aremos en tu trayecto formativo: contar\u00e1s con un seguimiento continuo de tu aprendizaje.<\/li>\n\n\n\n<li>Plataformas y materiales multidispositivos. Los ambientes de aprendizaje digitales y los contenidos did\u00e1cticos de tus m\u00f3dulos est\u00e1n dise\u00f1ados para ser consultados en cualquier dispositivo; por ello, puedes estudiar desde tu computadora, tableta o incluso desde tu celular.<\/li>\n<\/ul>\n\n\n\n<h2 class=\"wp-block-heading has-text-align-center has-text-color\" style=\"color:#0f2a4c\"><span class=\"ez-toc-section\" id=\"%C2%BFQue_aprenderas_en_el_programa_educativo\"><\/span><strong>\u00bfQu\u00e9 aprender\u00e1s en el programa educativo?<\/strong><span class=\"ez-toc-section-end\"><\/span><\/h2>\n\n\n\n<p class=\"wp-block-paragraph\">Con el Diplomado <em>Desarrollo Humano: Educaci\u00f3n para la vida a partir de la formaci\u00f3n integral<\/em>, podr\u00e1s obtener los siguientes saberes:<\/p>\n\n\n\n<ul class=\"wp-block-list\">\n<li>Nociones b\u00e1sicas sobre autoestima y c\u00f3mo influye en tu proyecto de vida.&nbsp;<\/li>\n\n\n\n<li>Temas para favorecer un estilo de vida saludable.<\/li>\n\n\n\n<li>Estrategias para mejorar nuestras relaciones interpersonales.&nbsp;<\/li>\n\n\n\n<li>Los valores y responsabilidades que tenemos como estudiantes universitarios.<\/li>\n<\/ul>\n\n\n\n<h2 class=\"wp-block-heading has-text-align-center has-text-color\" style=\"color:#0f2a4c\"><span class=\"ez-toc-section\" id=\"Plan_de_estudios\"><\/span><strong>Plan de estudios<\/strong><span class=\"ez-toc-section-end\"><\/span><\/h2>\n\n\n\n<p class=\"wp-block-paragraph\">El plan de estudios es el siguiente:<\/p>\n\n\n\n<figure class=\"wp-block-table is-style-stripes\"><table><thead><tr><th class=\"has-text-align-center\" data-align=\"center\"><strong>M\u00f3dulo<\/strong><\/th><th>Tema<\/th><\/tr><\/thead><tbody><tr><td class=\"has-text-align-center\" data-align=\"center\"><strong>1<\/strong><\/td><td>Crecer como persona<br>&#8211; Autoestima<br>&#8211; Proyecto de vida<\/td><\/tr><tr><td class=\"has-text-align-center\" data-align=\"center\"><strong>2<\/strong><\/td><td>Salud<br>&#8211; Estilos de vida saludables<br>&#8211; Manejo emocional<\/td><\/tr><tr><td class=\"has-text-align-center\" data-align=\"center\"><strong>3<\/strong><\/td><td>Relaciones interpersonales<br>&#8211; Salud f\u00edsica<br>&#8211; Relaciones interpersonales e interculturalidad<\/td><\/tr><tr><td class=\"has-text-align-center\" data-align=\"center\"><strong>4<\/strong><\/td><td>Ser estudiante en la sociedad<br>&#8211; Los valores en el contexto universitario<br>&#8211; Responsabilidad social<\/td><\/tr><\/tbody><\/table><\/figure>\n\n\n\n<div style=\"height:25px\" aria-hidden=\"true\" class=\"wp-block-spacer\"><\/div>\n\n\n\n<h2 class=\"wp-block-heading has-text-align-center has-text-color\" style=\"color:#0f2a4c\"><span class=\"ez-toc-section\" id=\"Admision\"><\/span><strong>Admisi\u00f3n<\/strong><span class=\"ez-toc-section-end\"><\/span><\/h2>\n\n\n\n<p class=\"has-text-color wp-block-paragraph\" style=\"color:#028cf0\"><strong>Requisitos generales:<\/strong><\/p>\n\n\n\n<ul class=\"wp-block-list\">\n<li>Pertenecer a la comunidad universitaria (estudiante, administrativo o docente)<\/li>\n\n\n\n<li>Disponibilidad de horario<\/li>\n\n\n\n<li>Compromiso para culminar en tiempo y forma el diplomado<\/li>\n\n\n\n<li>Conexi\u00f3n de internet estable<\/li>\n\n\n\n<li>Equipo de escritorio preferentemente, aunque puede utilizar cualquier dispositivo m\u00f3vil<\/li>\n\n\n\n<li>Sujetarse a lo establecido en el reglamento general del diplomado<\/li>\n\n\n\n<li>Correo institucional y alterno<\/li>\n<\/ul>\n\n\n\n<h2 class=\"wp-block-heading has-text-align-center has-text-color\" style=\"color:#0f2a4c\"><span class=\"ez-toc-section\" id=\"Reconocimiento_oficial\"><\/span><strong>Reconocimiento oficial<\/strong><span class=\"ez-toc-section-end\"><\/span><\/h2>\n\n\n\n<p class=\"wp-block-paragraph\">Al cumplir los requisitos del programa de estudio, obtendr\u00e1s un diploma expedido por la Universidad de Guanajuato.<\/p>\n\n\n\n<h2 class=\"wp-block-heading has-text-align-center has-text-color\" style=\"color:#0f2a4c\"><span class=\"ez-toc-section\" id=\"Mayores_informes\"><\/span><strong>Mayores informes<\/strong><span class=\"ez-toc-section-end\"><\/span><\/h2>\n\n\n<p><script type=\"text\/javascript\" src=\"https:\/\/form.jotform.com\/jsform\/220894792296875\"><\/script><\/p>\n<\/div><\/div>\n","protected":false},"excerpt":{"rendered":"<p>Introducci\u00f3n El Diplomado en Desarrollo Humano: Educaci\u00f3n para la vida a partir de la formaci\u00f3n integral es un programa que ofrece formaci\u00f3n para que las personas planifiquen su proyecto de vida y su trayectoria educativa a partir de los elementos de desarrollo humano, salud, interculturalidad, responsabilidad social y tecnolog\u00eda que contribuyen a su consolidaci\u00f3n como &#8230; <a title=\"Diplomado en Desarrollo humano: educaci\u00f3n para la vida a partir de la formaci\u00f3n integral\" class=\"read-more\" href=\"https:\/\/sedigital.ugto.mx\/campusdigital\/diplomado-en-desarrollo-humano-educacion-para-la-vida-a-partir-de-la-formacion-integral\/\" aria-label=\"Leer m\u00e1s sobre Diplomado en Desarrollo humano: educaci\u00f3n para la vida a partir de la formaci\u00f3n integral\">Leer m\u00e1s<\/a><\/p>\n","protected":false},"author":1,"featured_media":0,"parent":0,"menu_order":0,"comment_status":"closed","ping_status":"closed","template":"","meta":{"_crdt_document":"","footnotes":""},"class_list":["post-858","page","type-page","status-publish"],"_links":{"self":[{"href":"https:\/\/sedigital.ugto.mx\/campusdigital\/wp-json\/wp\/v2\/pages\/858","targetHints":{"allow":["GET"]}}],"collection":[{"href":"https:\/\/sedigital.ugto.mx\/campusdigital\/wp-json\/wp\/v2\/pages"}],"about":[{"href":"https:\/\/sedigital.ugto.mx\/campusdigital\/wp-json\/wp\/v2\/types\/page"}],"author":[{"embeddable":true,"href":"https:\/\/sedigital.ugto.mx\/campusdigital\/wp-json\/wp\/v2\/users\/1"}],"replies":[{"embeddable":true,"href":"https:\/\/sedigital.ugto.mx\/campusdigital\/wp-json\/wp\/v2\/comments?post=858"}],"version-history":[{"count":13,"href":"https:\/\/sedigital.ugto.mx\/campusdigital\/wp-json\/wp\/v2\/pages\/858\/revisions"}],"predecessor-version":[{"id":984,"href":"https:\/\/sedigital.ugto.mx\/campusdigital\/wp-json\/wp\/v2\/pages\/858\/revisions\/984"}],"wp:attachment":[{"href":"https:\/\/sedigital.ugto.mx\/campusdigital\/wp-json\/wp\/v2\/media?parent=858"}],"curies":[{"name":"wp","href":"https:\/\/api.w.org\/{rel}","templated":true}]}}