{"id":878,"date":"2022-08-29T22:15:12","date_gmt":"2022-08-29T22:15:12","guid":{"rendered":"https:\/\/sedigital.ugto.mx\/campusdigital\/?page_id=878"},"modified":"2022-08-30T14:26:54","modified_gmt":"2022-08-30T14:26:54","slug":"diplomado-en-formulacion-y-evaluacion-de-proyectos","status":"publish","type":"page","link":"https:\/\/sedigital.ugto.mx\/campusdigital\/diplomado-en-formulacion-y-evaluacion-de-proyectos\/","title":{"rendered":"Diplomado en Formulaci\u00f3n y evaluaci\u00f3n de proyectos"},"content":{"rendered":"\n<div class=\"wp-block-cover alignfull\" style=\"min-height:350px;aspect-ratio:unset;\"><span aria-hidden=\"true\" class=\"wp-block-cover__background has-background-dim-0 has-background-dim\"><\/span><img loading=\"lazy\" decoding=\"async\" width=\"1020\" height=\"300\" class=\"wp-block-cover__image-background wp-image-896\" alt=\"\" src=\"https:\/\/sedigital.ugto.mx\/campusdigital\/wp-content\/uploads\/sites\/2\/2022\/08\/Diplomado-en-formulacion-y-evaluacion-de-proyectos.png\" data-object-fit=\"cover\" srcset=\"https:\/\/sedigital.ugto.mx\/campusdigital\/wp-content\/uploads\/sites\/2\/2022\/08\/Diplomado-en-formulacion-y-evaluacion-de-proyectos.png 1020w, https:\/\/sedigital.ugto.mx\/campusdigital\/wp-content\/uploads\/sites\/2\/2022\/08\/Diplomado-en-formulacion-y-evaluacion-de-proyectos-300x88.png 300w, https:\/\/sedigital.ugto.mx\/campusdigital\/wp-content\/uploads\/sites\/2\/2022\/08\/Diplomado-en-formulacion-y-evaluacion-de-proyectos-768x226.png 768w\" sizes=\"auto, (max-width: 1020px) 100vw, 1020px\" \/><div class=\"wp-block-cover__inner-container is-layout-flow wp-block-cover-is-layout-flow\">\n<p class=\"has-text-align-center has-base-3-color has-text-color wp-block-paragraph\" style=\"font-size:40px\">Diplomado en Formulaci\u00f3n y<br>evaluaci\u00f3n de proyectos<\/p>\n\n\n\n<div class=\"wp-block-buttons is-layout-flex wp-block-buttons-is-layout-flex\">\n<div class=\"wp-block-button aligncenter has-custom-font-size is-style-fill\" style=\"font-size:15px\"><a class=\"wp-block-button__link has-text-color has-background wp-element-button\" href=\"https:\/\/sedigital.ugto.mx\/campusdigital\/diplomado-en-formulacion-y-evaluacion-de-proyectos\/#Introduccion\" style=\"color:#0f2a4c;background-color:#f0bc32\"><strong>CONOCE EL PROGRAMA<\/strong><\/a><\/div>\n<\/div>\n<\/div><\/div>\n\n\n\n<div class=\"wp-block-group\"><div class=\"wp-block-group__inner-container is-layout-flow wp-block-group-is-layout-flow\">\n<div id=\"ez-toc-container\" class=\"ez-toc-v2_0_82_2 counter-hierarchy ez-toc-counter ez-toc-transparent ez-toc-container-direction\">\n<div class=\"ez-toc-title-container\">\n<p class=\"ez-toc-title\" style=\"cursor:inherit\">Contenidos de la secci\u00f3n<\/p>\n<span class=\"ez-toc-title-toggle\"><a href=\"#\" class=\"ez-toc-pull-right ez-toc-btn ez-toc-btn-xs ez-toc-btn-default ez-toc-toggle\" aria-label=\"Toggle Table of Content\"><span class=\"ez-toc-js-icon-con\"><span class=\"\"><span class=\"eztoc-hide\" style=\"display:none;\">Toggle<\/span><span class=\"ez-toc-icon-toggle-span\"><svg style=\"fill: #999;color:#999\" xmlns=\"http:\/\/www.w3.org\/2000\/svg\" class=\"list-377408\" width=\"20px\" height=\"20px\" viewBox=\"0 0 24 24\" fill=\"none\"><path d=\"M6 6H4v2h2V6zm14 0H8v2h12V6zM4 11h2v2H4v-2zm16 0H8v2h12v-2zM4 16h2v2H4v-2zm16 0H8v2h12v-2z\" fill=\"currentColor\"><\/path><\/svg><svg style=\"fill: #999;color:#999\" class=\"arrow-unsorted-368013\" xmlns=\"http:\/\/www.w3.org\/2000\/svg\" width=\"10px\" height=\"10px\" viewBox=\"0 0 24 24\" version=\"1.2\" baseProfile=\"tiny\"><path d=\"M18.2 9.3l-6.2-6.3-6.2 6.3c-.2.2-.3.4-.3.7s.1.5.3.7c.2.2.4.3.7.3h11c.3 0 .5-.1.7-.3.2-.2.3-.5.3-.7s-.1-.5-.3-.7zM5.8 14.7l6.2 6.3 6.2-6.3c.2-.2.3-.5.3-.7s-.1-.5-.3-.7c-.2-.2-.4-.3-.7-.3h-11c-.3 0-.5.1-.7.3-.2.2-.3.5-.3.7s.1.5.3.7z\"\/><\/svg><\/span><\/span><\/span><\/a><\/span><\/div>\n<nav><ul class='ez-toc-list ez-toc-list-level-1 ' ><li class='ez-toc-page-1 ez-toc-heading-level-2'><a class=\"ez-toc-link ez-toc-heading-1\" href=\"https:\/\/sedigital.ugto.mx\/campusdigital\/diplomado-en-formulacion-y-evaluacion-de-proyectos\/#Introduccion\" >Introducci\u00f3n<\/a><\/li><li class='ez-toc-page-1 ez-toc-heading-level-2'><a class=\"ez-toc-link ez-toc-heading-2\" href=\"https:\/\/sedigital.ugto.mx\/campusdigital\/diplomado-en-formulacion-y-evaluacion-de-proyectos\/#%C2%BFPor_que_estudiar_el_programa_educativo\" >\u00bfPor qu\u00e9 estudiar el programa educativo?<\/a><ul class='ez-toc-list-level-3' ><li class='ez-toc-heading-level-3'><a class=\"ez-toc-link ez-toc-heading-3\" href=\"https:\/\/sedigital.ugto.mx\/campusdigital\/diplomado-en-formulacion-y-evaluacion-de-proyectos\/#Caracteristicas_del_programa_educativo\" >Caracter\u00edsticas del programa educativo<\/a><\/li><li class='ez-toc-page-1 ez-toc-heading-level-3'><a class=\"ez-toc-link ez-toc-heading-4\" href=\"https:\/\/sedigital.ugto.mx\/campusdigital\/diplomado-en-formulacion-y-evaluacion-de-proyectos\/#Esquema_de_egreso\" >Esquema de egreso<\/a><\/li><\/ul><\/li><li class='ez-toc-page-1 ez-toc-heading-level-2'><a class=\"ez-toc-link ez-toc-heading-5\" href=\"https:\/\/sedigital.ugto.mx\/campusdigital\/diplomado-en-formulacion-y-evaluacion-de-proyectos\/#Sistema_de_ensenanza_y_aprendizaje_con_tecnologias\" >Sistema de ense\u00f1anza y aprendizaje con tecnolog\u00edas<\/a><ul class='ez-toc-list-level-3' ><li class='ez-toc-heading-level-3'><a class=\"ez-toc-link ez-toc-heading-6\" href=\"https:\/\/sedigital.ugto.mx\/campusdigital\/diplomado-en-formulacion-y-evaluacion-de-proyectos\/#%C2%BFQue_contenidos_didacticos_se_ofreceran\" >\u00bfQu\u00e9 contenidos did\u00e1cticos se ofrecer\u00e1n?<\/a><\/li><li class='ez-toc-page-1 ez-toc-heading-level-3'><a class=\"ez-toc-link ez-toc-heading-7\" href=\"https:\/\/sedigital.ugto.mx\/campusdigital\/diplomado-en-formulacion-y-evaluacion-de-proyectos\/#%C2%BFCual_es_la_estructura_metodologica_para_la_implementacion_de_la_experiencia_de_aprendizaje\" >\u00bfCu\u00e1l es la estructura metodol\u00f3gica para la implementaci\u00f3n de la experiencia de aprendizaje?<\/a><\/li><\/ul><\/li><li class='ez-toc-page-1 ez-toc-heading-level-2'><a class=\"ez-toc-link ez-toc-heading-8\" href=\"https:\/\/sedigital.ugto.mx\/campusdigital\/diplomado-en-formulacion-y-evaluacion-de-proyectos\/#%C2%BFQue_aprenderas_en_el_programa_educativo\" >\u00bfQu\u00e9 aprender\u00e1s en el programa educativo?<\/a><\/li><li class='ez-toc-page-1 ez-toc-heading-level-2'><a class=\"ez-toc-link ez-toc-heading-9\" href=\"https:\/\/sedigital.ugto.mx\/campusdigital\/diplomado-en-formulacion-y-evaluacion-de-proyectos\/#Plan_de_estudios\" >Plan de estudios<\/a><\/li><li class='ez-toc-page-1 ez-toc-heading-level-2'><a class=\"ez-toc-link ez-toc-heading-10\" href=\"https:\/\/sedigital.ugto.mx\/campusdigital\/diplomado-en-formulacion-y-evaluacion-de-proyectos\/#Admision\" >Admisi\u00f3n<\/a><\/li><li class='ez-toc-page-1 ez-toc-heading-level-2'><a class=\"ez-toc-link ez-toc-heading-11\" href=\"https:\/\/sedigital.ugto.mx\/campusdigital\/diplomado-en-formulacion-y-evaluacion-de-proyectos\/#Reconocimiento_oficial\" >Reconocimiento oficial<\/a><\/li><li class='ez-toc-page-1 ez-toc-heading-level-2'><a class=\"ez-toc-link ez-toc-heading-12\" href=\"https:\/\/sedigital.ugto.mx\/campusdigital\/diplomado-en-formulacion-y-evaluacion-de-proyectos\/#Mayores_informes\" >Mayores informes<\/a><\/li><\/ul><\/nav><\/div>\n<h2 class=\"has-text-align-center has-text-color wp-block-heading\" id=\"intro\" style=\"color:#0f2a4c\"><span class=\"ez-toc-section\" id=\"Introduccion\"><\/span><strong>Introducci\u00f3n<\/strong><span class=\"ez-toc-section-end\"><\/span><\/h2>\n\n\n\n<p class=\"wp-block-paragraph\">El Diplomado en <em>Formulaci\u00f3n y evaluaci\u00f3n de proyectos <\/em>es un programa que te ofrece formaci\u00f3n para evaluar proyectos con \u00e9nfasis en la producci\u00f3n, riesgos productivos, finanzas y mercadeo a trav\u00e9s de la emisi\u00f3n de informes y planes para analizar el costo beneficio en la operaci\u00f3n del proyecto, lo anterior en un contexto de probidad y respeto por el medio ambiente.<\/p>\n\n\n\n<h2 class=\"has-text-align-center has-text-color wp-block-heading\" style=\"color:#0f2a4c\"><span class=\"ez-toc-section\" id=\"%C2%BFPor_que_estudiar_el_programa_educativo\"><\/span><strong>\u00bfPor qu\u00e9 estudiar el programa educativo?<\/strong><span class=\"ez-toc-section-end\"><\/span><\/h2>\n\n\n\n<p class=\"wp-block-paragraph\">Con el Diplomado <em>Formulaci\u00f3n y evaluaci\u00f3n de proyectos<\/em> podr\u00e1s analizar:<\/p>\n\n\n\n<ul class=\"wp-block-list\"><li>Las causas por las que es indispensable conocer y manejar herramientas de evaluaci\u00f3n financiera que permitan num\u00e9ricamente y con precisi\u00f3n determinar qu\u00e9 tan rentable es un proyecto.<\/li><li>Las estrategias para saber si el mercado acepta nuestro producto y que pasos se deben seguir para producir dicho bien o servicio.<\/li><li>La intensa competencia global, as\u00ed como las necesidades del mercado: qu\u00e9 es lo que demandan los consumidores y qu\u00e9 caracter\u00edsticas deben tener estos productos para lograr introducirse, posicionarse y mantenerse en el mercado a largo plazo.<\/li><\/ul>\n\n\n\n<div class=\"wp-block-columns is-layout-flex wp-container-core-columns-is-layout-8f761849 wp-block-columns-is-layout-flex\">\n<div class=\"wp-block-column is-layout-flow wp-block-column-is-layout-flow\">\n<h3 class=\"has-text-align-center has-text-color has-medium-font-size wp-block-heading\" style=\"color:#028cf0\"><span class=\"ez-toc-section\" id=\"Caracteristicas_del_programa_educativo\"><\/span><strong>Caracter\u00edsticas del programa educativo<\/strong><span class=\"ez-toc-section-end\"><\/span><\/h3>\n\n\n\n<ul class=\"wp-block-list\"><li><strong>Inicio<\/strong>: 03 de octubre 2022<\/li><li><strong>Duraci\u00f3n<\/strong>: 12 semanas (120 horas)<\/li><li><strong>Modalidad educativa<\/strong>: A distancia en l\u00ednea, a trav\u00e9s de plataformas institucionales<\/li><li><strong>Periodicidad de admisi\u00f3n:<\/strong> Semestral<\/li><li><strong>\u00c1reas del conocimiento<\/strong>: Econ\u00f3mico-administrativas<\/li><\/ul>\n<\/div>\n\n\n\n<div class=\"wp-block-column is-layout-flow wp-block-column-is-layout-flow\">\n<h3 class=\"has-text-align-center has-text-color has-medium-font-size wp-block-heading\" style=\"color:#028cf0\"><span class=\"ez-toc-section\" id=\"Esquema_de_egreso\"><\/span><strong>Esquema de egreso<\/strong><span class=\"ez-toc-section-end\"><\/span><\/h3>\n\n\n\n<ul class=\"wp-block-list\" style=\"font-size:15px\"><li>Al finalizar y acreditar la totalidad de los m\u00f3dulos se emitir\u00e1 un diploma.<\/li><\/ul>\n<\/div>\n<\/div>\n\n\n\n<h2 class=\"has-text-align-center has-text-color wp-block-heading\" style=\"color:#0f2a4c\"><span class=\"ez-toc-section\" id=\"Sistema_de_ensenanza_y_aprendizaje_con_tecnologias\"><\/span><strong>Sistema de ense\u00f1anza y aprendizaje con tecnolog\u00edas<\/strong><span class=\"ez-toc-section-end\"><\/span><\/h2>\n\n\n\n<p class=\"wp-block-paragraph\">Desde el Campus Digital encontrar\u00e1s lo necesario para desarrollar tus actividades de aprendizaje, en este espacio tendr\u00e1s acceso a las diversas herramientas de trabajo. A trav\u00e9s de esta plataforma podr\u00e1s acceder a tus clases y entregar tus tareas. Adem\u00e1s, desde sus aulas digitales acceder\u00e1s a los materiales did\u00e1cticos y al Repositorio de Objetos de Aprendizaje.<\/p>\n\n\n\n<p class=\"wp-block-paragraph\">A continuaci\u00f3n, se describe brevemente el ambiente digital de aprendizaje en el que participar\u00e1s en este programa:<\/p>\n\n\n\n<p class=\"has-text-color has-medium-font-size wp-block-paragraph\" style=\"color:#028cf0\"><strong>1. La plataforma del Campus Digital<\/strong><\/p>\n\n\n\n<p class=\"wp-block-paragraph\">Es el n\u00facleo central de las actividades formativas del Campus Digital, en este espacio digital se lleva el registro general de tu trayecto formativo, se encuentra compuesto por las aulas digitales, desde las que podr\u00e1s:<\/p>\n\n\n\n<ul class=\"wp-block-list\"><li>Acceder a clases.<\/li><li>Exponer dudas e inquietudes a tus tutores, quienes responder\u00e1n a tus consultas a trav\u00e9s de la mensajer\u00eda interna o los foros de discusi\u00f3n que as\u00ed lo establezcan.<\/li><li>Acceder a las clases en diferido.&nbsp;<\/li><\/ul>\n\n\n\n<p class=\"wp-block-paragraph\">En las aulas digitales tambi\u00e9n puedes acceder a:<\/p>\n\n\n\n<ul class=\"wp-block-list\"><li>Las clases digitales y los recursos did\u00e1cticos de los cursos, que han sido dise\u00f1ados de acuerdo a los m\u00e1s altos est\u00e1ndares de la educaci\u00f3n a distancia en l\u00ednea.<\/li><li>Gesti\u00f3n de las actividades de aprendizaje: env\u00edo y consulta de las calificaciones de las consignas (tareas) que forman parte de la evaluaci\u00f3n continua y progresiva.<\/li><\/ul>\n\n\n\n<p class=\"has-text-color has-medium-font-size wp-block-paragraph\" style=\"color:#028cf0\"><strong>2. Recursos de informaci\u00f3n y conocimiento<\/strong><\/p>\n\n\n\n<p class=\"wp-block-paragraph\">Son diferentes espacios educativos que te ayudar\u00e1n a mantenerte al d\u00eda:<\/p>\n\n\n\n<ul class=\"wp-block-list\"><li>El Repositorio de Objetos de Aprendizaje (ROA). Es una plataforma institucional que alberga los recursos did\u00e1cticos digitales elaborados por la comunidad universitaria, especialmente aquellos que surgen del contexto de la pr\u00e1ctica docente, o bien, a trav\u00e9s de labores de investigaci\u00f3n.<\/li><\/ul>\n\n\n\n<h3 class=\"has-text-align-center has-text-color wp-block-heading\" style=\"color:#f0bc32\"><span class=\"ez-toc-section\" id=\"%C2%BFQue_contenidos_didacticos_se_ofreceran\"><\/span><strong>\u00bfQu\u00e9 contenidos did\u00e1cticos se ofrecer\u00e1n?<\/strong><span class=\"ez-toc-section-end\"><\/span><\/h3>\n\n\n\n<p class=\"wp-block-paragraph\">En este programa contar\u00e1s con una diversidad de materiales did\u00e1cticos dise\u00f1ados para atender tus necesidades educativas. Estos materiales se distinguen por su calidad, variedad y suficiencia, siendo una de las fortalezas del programa. Entre los materiales se encuentran:<\/p>\n\n\n\n<ul class=\"wp-block-list\"><li>Gu\u00eda did\u00e1ctica<\/li><li>Clases digitales interactivas<\/li><li>Documentos con lecturas y s\u00edntesis de diversos t\u00f3picos y autores de actualidad<\/li><li>Acceso al Repositorio de Objetos de Aprendizaje<\/li><\/ul>\n\n\n\n<h3 class=\"has-text-align-center has-text-color wp-block-heading\" style=\"color:#f0bc32\"><span class=\"ez-toc-section\" id=\"%C2%BFCual_es_la_estructura_metodologica_para_la_implementacion_de_la_experiencia_de_aprendizaje\"><\/span><strong>\u00bfCu\u00e1l es la estructura metodol\u00f3gica para la implementaci\u00f3n de la experiencia de aprendizaje?<\/strong><span class=\"ez-toc-section-end\"><\/span><\/h3>\n\n\n\n<p class=\"wp-block-paragraph\">Entre las estrategias m\u00e1s sobresalientes se distinguen:<\/p>\n\n\n\n<ul class=\"wp-block-list\"><li>Clases no presenciales con duraci\u00f3n semanal. Cada semana una nueva clase estar\u00e1 disponible para su estudio.<\/li><li>Experiencias educativas que promueven el autoaprendizaje. Los materiales han sido dise\u00f1ados para que puedas consultarlos de manera aut\u00f3noma y en el momento que as\u00ed lo dispongas.<\/li><li>Profesores reconocidos en su \u00e1mbito disciplinar. Las y los docentes del programa educativo son profesionales de prestigio en los \u00e1mbitos acad\u00e9mico y laboral.<\/li><li>Te acompa\u00f1aremos en tu trayecto formativo: contar\u00e1s con un seguimiento continuo de tu aprendizaje.<\/li><li>Plataformas y materiales multidispositivos. Los ambientes de aprendizaje digitales y los contenidos did\u00e1cticos de tus m\u00f3dulos est\u00e1n dise\u00f1ados para ser consultados en cualquier dispositivo; por ello, puedes estudiar desde tu computadora, tableta o incluso desde tu celular.<\/li><\/ul>\n\n\n\n<h2 class=\"has-text-align-center has-text-color wp-block-heading\" style=\"color:#0f2a4c\"><span class=\"ez-toc-section\" id=\"%C2%BFQue_aprenderas_en_el_programa_educativo\"><\/span><strong>\u00bfQu\u00e9 aprender\u00e1s en el programa educativo?<\/strong><span class=\"ez-toc-section-end\"><\/span><\/h2>\n\n\n\n<p class=\"wp-block-paragraph\">Con este diplomado aprender\u00e1s a conocer la rentabilidad de un producto, servicio, proyecto o empresa, tomando en cuenta el contexto en el que se desarrolla la sociedad actual. Durante el transcurso del programa obtendr\u00e1s competencias para:<\/p>\n\n\n\n<ul class=\"wp-block-list\"><li>Determinar si un negocio o empresa no es rentable o impacta socialmente.<\/li><li>Los recursos que deben ser destinados para la implementaci\u00f3n de una empresa.<\/li><li>La viabilidad y factibilidad de proyectos productivos impulsados por el Estado, as\u00ed como el impacto de estos.<\/li><\/ul>\n\n\n\n<h2 class=\"has-text-align-center has-text-color wp-block-heading\" style=\"color:#0f2a4c\"><span class=\"ez-toc-section\" id=\"Plan_de_estudios\"><\/span><strong>Plan de estudios<\/strong><span class=\"ez-toc-section-end\"><\/span><\/h2>\n\n\n\n<p class=\"wp-block-paragraph\">El plan de estudios es el siguiente:<\/p>\n\n\n\n<figure class=\"wp-block-table is-style-stripes\"><table><thead><tr><th class=\"has-text-align-center\" data-align=\"center\"><strong>M\u00f3dulo<\/strong><\/th><th>Tema<\/th><\/tr><\/thead><tbody><tr><td class=\"has-text-align-center\" data-align=\"center\"><strong>1<\/strong><\/td><td>Elementos conceptuales y preparaci\u00f3n de la evaluaci\u00f3n<\/td><\/tr><tr><td class=\"has-text-align-center\" data-align=\"center\"><strong>2<\/strong><\/td><td>Estudio de mercado<\/td><\/tr><tr><td class=\"has-text-align-center\" data-align=\"center\"><strong>3<\/strong><\/td><td>Estudio t\u00e9cnico: parte I<br>Estudio t\u00e9cnico: parte II<\/td><\/tr><tr><td class=\"has-text-align-center\" data-align=\"center\"><strong>4<\/strong><\/td><td>Estudio econ\u00f3mico: parte I<br>Estudio econ\u00f3mico: parte II<br>Estudio econ\u00f3mico: parte III<\/td><\/tr><tr><td class=\"has-text-align-center\" data-align=\"center\"><strong>5<\/strong><\/td><td>Evaluaci\u00f3n econ\u00f3mica: parte I<br>Evaluaci\u00f3n econ\u00f3mica: parte II<\/td><\/tr><tr><td class=\"has-text-align-center\" data-align=\"center\"><strong>6<\/strong><\/td><td>Conclusiones sobre el proyecto y elaboraci\u00f3n del proyecto final<\/td><\/tr><\/tbody><\/table><\/figure>\n\n\n\n<div style=\"height:25px\" aria-hidden=\"true\" class=\"wp-block-spacer\"><\/div>\n\n\n\n<h2 class=\"has-text-align-center has-text-color wp-block-heading\" style=\"color:#0f2a4c\"><span class=\"ez-toc-section\" id=\"Admision\"><\/span><strong>Admisi\u00f3n<\/strong><span class=\"ez-toc-section-end\"><\/span><\/h2>\n\n\n\n<p class=\"has-text-color wp-block-paragraph\" style=\"color:#028cf0\"><strong>Requisitos:<\/strong><\/p>\n\n\n\n<ul class=\"wp-block-list\"><li>Nivel de estudios m\u00ednimo requerido: licenciatura, terminada o en proceso de egreso<\/li><li>Dominio de herramientas tales como Microsoft Excel y Microsoft Word<\/li><li>Abierto a todas las \u00e1reas del conocimiento<\/li><\/ul>\n\n\n\n<h2 class=\"has-text-align-center has-text-color wp-block-heading\" style=\"color:#0f2a4c\"><span class=\"ez-toc-section\" id=\"Reconocimiento_oficial\"><\/span><strong>Reconocimiento oficial<\/strong><span class=\"ez-toc-section-end\"><\/span><\/h2>\n\n\n\n<p class=\"wp-block-paragraph\">Al cumplir los requisitos del programa de estudio, obtendr\u00e1s un diploma expedido por la Universidad de Guanajuato.<\/p>\n\n\n\n<h2 class=\"has-text-align-center has-text-color wp-block-heading\" style=\"color:#0f2a4c\"><span class=\"ez-toc-section\" id=\"Mayores_informes\"><\/span><strong>Mayores informes<\/strong><span class=\"ez-toc-section-end\"><\/span><\/h2>\n\n\n<p><script type=\"text\/javascript\" src=\"https:\/\/form.jotform.com\/jsform\/220894792296875\"><\/script><\/p>\n<\/div><\/div>\n","protected":false},"excerpt":{"rendered":"<p>Introducci\u00f3n El Diplomado en Formulaci\u00f3n y evaluaci\u00f3n de proyectos es un programa que te ofrece formaci\u00f3n para evaluar proyectos con \u00e9nfasis en la producci\u00f3n, riesgos productivos, finanzas y mercadeo a trav\u00e9s de la emisi\u00f3n de informes y planes para analizar el costo beneficio en la operaci\u00f3n del proyecto, lo anterior en un contexto de probidad &#8230; <a title=\"Diplomado en Formulaci\u00f3n y evaluaci\u00f3n de proyectos\" class=\"read-more\" href=\"https:\/\/sedigital.ugto.mx\/campusdigital\/diplomado-en-formulacion-y-evaluacion-de-proyectos\/\" aria-label=\"Leer m\u00e1s sobre Diplomado en Formulaci\u00f3n y evaluaci\u00f3n de proyectos\">Leer m\u00e1s<\/a><\/p>\n","protected":false},"author":1,"featured_media":0,"parent":0,"menu_order":0,"comment_status":"closed","ping_status":"closed","template":"","meta":{"_crdt_document":"","footnotes":""},"class_list":["post-878","page","type-page","status-publish"],"_links":{"self":[{"href":"https:\/\/sedigital.ugto.mx\/campusdigital\/wp-json\/wp\/v2\/pages\/878","targetHints":{"allow":["GET"]}}],"collection":[{"href":"https:\/\/sedigital.ugto.mx\/campusdigital\/wp-json\/wp\/v2\/pages"}],"about":[{"href":"https:\/\/sedigital.ugto.mx\/campusdigital\/wp-json\/wp\/v2\/types\/page"}],"author":[{"embeddable":true,"href":"https:\/\/sedigital.ugto.mx\/campusdigital\/wp-json\/wp\/v2\/users\/1"}],"replies":[{"embeddable":true,"href":"https:\/\/sedigital.ugto.mx\/campusdigital\/wp-json\/wp\/v2\/comments?post=878"}],"version-history":[{"count":4,"href":"https:\/\/sedigital.ugto.mx\/campusdigital\/wp-json\/wp\/v2\/pages\/878\/revisions"}],"predecessor-version":[{"id":897,"href":"https:\/\/sedigital.ugto.mx\/campusdigital\/wp-json\/wp\/v2\/pages\/878\/revisions\/897"}],"wp:attachment":[{"href":"https:\/\/sedigital.ugto.mx\/campusdigital\/wp-json\/wp\/v2\/media?parent=878"}],"curies":[{"name":"wp","href":"https:\/\/api.w.org\/{rel}","templated":true}]}}